{"id":21,"date":"2016-01-02T16:08:22","date_gmt":"2016-01-02T16:08:22","guid":{"rendered":"http:\/\/webkarma.it\/?page_id=21"},"modified":"2017-08-19T09:33:18","modified_gmt":"2017-08-19T09:33:18","slug":"il-web-marketing-positivo","status":"publish","type":"page","link":"https:\/\/www.webkarma.it\/storytelling\/il-web-marketing-positivo\/","title":{"rendered":"Marketing positivo"},"content":{"rendered":"<h2>Si pu\u00f2 essere onesti facendo marketing?<\/h2>\n<p>La risposta \u00e8 s\u00ec. Per fare del buon marketing si deve &#8220;semplicemente&#8221; raccontare se stessi. <strong>Il &#8220;marketing positivo&#8221;<\/strong> \u00e8 una filosofia che si ricollega molto al concetto di Karma; tra vendere con messaggi negativi o con messaggi positivi, quale ritenete sia l&#8217;opzione preferibile?<\/p>\n<p>Per messaggi negativi non intendo solo quelli che incitano ad essere <strong>&#8220;bastard inside&#8221;<\/strong> o incivili, ma anche quelli che spingono le persone a credere quello che non \u00e8 vero o a fare quello che normalemnte non farebbero (perch\u00e8 inutile o addirittura dannoso)&#8230;. mi raccomando giocate con moderazione (tanto per dirne uno).<\/p>\n<p>Se nella vostra attivit\u00e0 e non riuscite a <strong>trovare un messaggio positivo<\/strong>\u00a0da dare all&#8217;umanit\u00e0, se non c&#8217;\u00e8 nulla di utile in quello che fate, allora vi consiglio di fare qualcos&#8217;altro. Ritengo che il lavoro di per se non basti a giustificare l&#8217;assenza totale di valori in ci\u00f2 che facciamo.<\/p>\n<p>&nbsp;<\/p>\n<p>Mi viene in mente il film con <strong>Nicolas Cage, Lord of War<\/strong>, in cui l&#8217;attore interpreta un commerciante internazionale d&#8217;armi pieno di soldi che alla fine ottiene, grazie al Karma, nientaltro che l&#8217;ovvio: sofferenza (non voglio spoilerare quindi non dico altro).<\/p>\n<p>Come diceva <strong>Tom Hanks nel Miglio Verde<\/strong>: &#8220;Quando sar\u00f2 al cospetto di Dio Padre e mi chieder\u00e0 perch\u00e9 mai io ho ucciso uno dei suoi figli, miracoli viventi, che cosa gli dovr\u00f2 rispondere? Che era il mio mestiere?&#8221;<\/p>\n<p>Siate positivi, vogliate bene agli altri ed ai vostri clienti, soprattutto quando fate marketing perch\u00e8, <strong>Karma insegna<\/strong>, tutti i nodi prima o poi vengono al pettine.<\/p>\n<div>\n<h2><span style=\"color: #000000;\">Letture consigliate\u00a0<\/span><\/h2>\n<h6><span style=\"color: #000000;\">Questa parte dell&#8217;articolo viene costantemente aggiornata per fornirvi sempre nuove fonti, da cui trarre esperienza ed ispirazione.<\/span><\/h6>\n<p><span style=\"color: #000000;\"><a style=\"color: #000000;\" href=\"https:\/\/www.amazon.it\/gp\/product\/8820372886\/ref=as_li_qf_sp_asin_tl?ie=UTF8&amp;camp=3370&amp;creative=23322&amp;creativeASIN=8820372886&amp;linkCode=as2&amp;tag=webkarma-21\" rel=\"nofollow\">Storytelling d&#8217;impresa &#8211; di Andrea Fontana<\/a><img loading=\"lazy\" decoding=\"async\" style=\"border: none !important; margin: 0px !important;\" src=\"http:\/\/ir-it.amazon-adsystem.com\/e\/ir?t=webkarma-21&amp;l=as2&amp;o=29&amp;a=8820372886\" alt=\"\" width=\"1\" height=\"1\" border=\"0\" \/><\/span><\/p>\n<p><span style=\"color: #000000;\">L&#8217;autore, Andrea Fontana, \u00e8 un professionista dello Storytelling aziendale riconosciuto a livello nazionale.\u00a0<span style=\"font-size: medium;\"><strong>Consiglio caldamente<\/strong><\/span>\u00a0questo libro, pubblicato nel 2016, come fonte preziosa per chi vuole immergersi nello strumento dello storytelling per la comunicazione. Troverete inoltre\u00a0esposti e spiegati interessanti casi studio. A mio avviso\u00a0<span style=\"font-size: medium;\"><strong>non \u00e8 adatto ad un primo approccio\u00a0<\/strong><\/span>per chi sia digiuno di studi sulla comunicazione ed il branding.<\/span><\/p>\n<p>Questo \u00e8 un link affiliato ad Amazon, i tuoi eventuali acquisti supportano questo blog. Ti ringrazio.<br \/>\n<iframe loading=\"lazy\" src=\"https:\/\/rcm-eu.amazon-adsystem.com\/e\/cm?t=webkarma-21&amp;o=29&amp;p=8&amp;l=as1&amp;asins=8820372886&amp;ref=qf_sp_asin_til&amp;fc1=000000&amp;IS2=1&amp;lt1=_blank&amp;m=amazon&amp;lc1=0000FF&amp;bc1=000000&amp;bg1=FFFFFF&amp;f=ifr\" width=\"300\" height=\"150\" frameborder=\"0\" marginwidth=\"0\" marginheight=\"0\" scrolling=\"no\"><\/iframe><\/p>\n<\/div>\n<div><\/div>\n<p style=\"text-align: center;\"><span style=\"color: #ff9900;\"><span style=\"color: #ff6600;\"><strong><a style=\"color: #ff6600;\" href=\"http:\/\/eepurl.com\/cwbF4L\">Iscriviti alle\u00a0 KARMANEWS<\/a><\/strong><\/span>\u00a0<\/span>\u00a0e riceverai ogni settimana un esempio di storytelling, il riassunto dei nuovi articoli del blog e le novit\u00e0 nel settore della comunicazione karmica.<\/p>\n<div>\u00a0Hai bisogno di un aiuto?\u00a0<span style=\"color: #ff6600;\"><a style=\"color: #ff6600;\" href=\"http:\/\/paypal.me\/webkarma\" target=\"_blank\">Prova un ora di consulenza! Scegli tu quanto vale per te<\/a>.<\/span><\/div>\n<div><\/div>\n","protected":false},"excerpt":{"rendered":"<p>Si pu\u00f2 essere onesti facendo marketing? La risposta \u00e8 s\u00ec. Per fare del buon marketing si deve &#8220;semplicemente&#8221; raccontare se stessi. Il &#8220;marketing positivo&#8221; \u00e8 una filosofia che si ricollega molto al concetto di Karma; tra vendere con messaggi negativi o con messaggi positivi, quale ritenete sia l&#8217;opzione preferibile? Per messaggi negativi non intendo solo [&hellip;]<\/p>\n","protected":false},"author":1,"featured_media":23,"parent":0,"menu_order":0,"comment_status":"closed","ping_status":"closed","template":"","meta":{"footnotes":""},"class_list":["post-21","page","type-page","status-publish","has-post-thumbnail","hentry"],"yoast_head":"<!-- This site is optimized with the Yoast SEO plugin v21.8 - https:\/\/yoast.com\/wordpress\/plugins\/seo\/ -->\n<title>Marketing positivo - WebKarma<\/title>\n<meta name=\"robots\" content=\"index, follow, max-snippet:-1, max-image-preview:large, max-video-preview:-1\" \/>\n<link rel=\"canonical\" href=\"http:\/\/www.webkarma.it\/storytelling\/il-web-marketing-positivo\/\" \/>\n<meta property=\"og:locale\" content=\"it_IT\" \/>\n<meta property=\"og:type\" content=\"article\" \/>\n<meta property=\"og:title\" content=\"Marketing positivo - WebKarma\" \/>\n<meta property=\"og:description\" content=\"Si pu\u00f2 essere onesti facendo marketing? La risposta \u00e8 s\u00ec. Per fare del buon marketing si deve &#8220;semplicemente&#8221; raccontare se stessi. Il &#8220;marketing positivo&#8221; \u00e8 una filosofia che si ricollega molto al concetto di Karma; tra vendere con messaggi negativi o con messaggi positivi, quale ritenete sia l&#8217;opzione preferibile? Per messaggi negativi non intendo solo [&hellip;]\" \/>\n<meta property=\"og:url\" content=\"http:\/\/www.webkarma.it\/storytelling\/il-web-marketing-positivo\/\" \/>\n<meta property=\"og:site_name\" content=\"WebKarma\" \/>\n<meta property=\"article:modified_time\" content=\"2017-08-19T09:33:18+00:00\" \/>\n<meta property=\"og:image\" content=\"http:\/\/www.webkarma.it\/wp-content\/uploads\/2016\/01\/Pensatore-Rodin.jpg\" \/>\n\t<meta property=\"og:image:width\" content=\"900\" \/>\n\t<meta property=\"og:image:height\" content=\"563\" \/>\n\t<meta property=\"og:image:type\" content=\"image\/jpeg\" \/>\n<meta name=\"twitter:card\" content=\"summary_large_image\" \/>\n<meta name=\"twitter:label1\" content=\"Tempo di lettura stimato\" \/>\n\t<meta name=\"twitter:data1\" content=\"2 minuti\" \/>\n<script type=\"application\/ld+json\" class=\"yoast-schema-graph\">{\"@context\":\"https:\/\/schema.org\",\"@graph\":[{\"@type\":\"WebPage\",\"@id\":\"http:\/\/www.webkarma.it\/storytelling\/il-web-marketing-positivo\/\",\"url\":\"http:\/\/www.webkarma.it\/storytelling\/il-web-marketing-positivo\/\",\"name\":\"Marketing positivo - WebKarma\",\"isPartOf\":{\"@id\":\"http:\/\/www.webkarma.it\/storytelling\/#website\"},\"datePublished\":\"2016-01-02T16:08:22+00:00\",\"dateModified\":\"2017-08-19T09:33:18+00:00\",\"breadcrumb\":{\"@id\":\"http:\/\/www.webkarma.it\/storytelling\/il-web-marketing-positivo\/#breadcrumb\"},\"inLanguage\":\"it-IT\",\"potentialAction\":[{\"@type\":\"ReadAction\",\"target\":[\"http:\/\/www.webkarma.it\/storytelling\/il-web-marketing-positivo\/\"]}]},{\"@type\":\"BreadcrumbList\",\"@id\":\"http:\/\/www.webkarma.it\/storytelling\/il-web-marketing-positivo\/#breadcrumb\",\"itemListElement\":[{\"@type\":\"ListItem\",\"position\":1,\"name\":\"Home\",\"item\":\"http:\/\/www.webkarma.it\/storytelling\/\"},{\"@type\":\"ListItem\",\"position\":2,\"name\":\"Marketing positivo\"}]},{\"@type\":\"WebSite\",\"@id\":\"http:\/\/www.webkarma.it\/storytelling\/#website\",\"url\":\"http:\/\/www.webkarma.it\/storytelling\/\",\"name\":\"WebKarma\",\"description\":\"quello che dai ti sar\u00e0 restituito\",\"potentialAction\":[{\"@type\":\"SearchAction\",\"target\":{\"@type\":\"EntryPoint\",\"urlTemplate\":\"http:\/\/www.webkarma.it\/storytelling\/?s={search_term_string}\"},\"query-input\":\"required name=search_term_string\"}],\"inLanguage\":\"it-IT\"}]}<\/script>\n<!-- \/ Yoast SEO plugin. -->","yoast_head_json":{"title":"Marketing positivo - WebKarma","robots":{"index":"index","follow":"follow","max-snippet":"max-snippet:-1","max-image-preview":"max-image-preview:large","max-video-preview":"max-video-preview:-1"},"canonical":"http:\/\/www.webkarma.it\/storytelling\/il-web-marketing-positivo\/","og_locale":"it_IT","og_type":"article","og_title":"Marketing positivo - WebKarma","og_description":"Si pu\u00f2 essere onesti facendo marketing? La risposta \u00e8 s\u00ec. Per fare del buon marketing si deve &#8220;semplicemente&#8221; raccontare se stessi. Il &#8220;marketing positivo&#8221; \u00e8 una filosofia che si ricollega molto al concetto di Karma; tra vendere con messaggi negativi o con messaggi positivi, quale ritenete sia l&#8217;opzione preferibile? Per messaggi negativi non intendo solo [&hellip;]","og_url":"http:\/\/www.webkarma.it\/storytelling\/il-web-marketing-positivo\/","og_site_name":"WebKarma","article_modified_time":"2017-08-19T09:33:18+00:00","og_image":[{"width":900,"height":563,"url":"http:\/\/www.webkarma.it\/wp-content\/uploads\/2016\/01\/Pensatore-Rodin.jpg","type":"image\/jpeg"}],"twitter_card":"summary_large_image","twitter_misc":{"Tempo di lettura stimato":"2 minuti"},"schema":{"@context":"https:\/\/schema.org","@graph":[{"@type":"WebPage","@id":"http:\/\/www.webkarma.it\/storytelling\/il-web-marketing-positivo\/","url":"http:\/\/www.webkarma.it\/storytelling\/il-web-marketing-positivo\/","name":"Marketing positivo - WebKarma","isPartOf":{"@id":"http:\/\/www.webkarma.it\/storytelling\/#website"},"datePublished":"2016-01-02T16:08:22+00:00","dateModified":"2017-08-19T09:33:18+00:00","breadcrumb":{"@id":"http:\/\/www.webkarma.it\/storytelling\/il-web-marketing-positivo\/#breadcrumb"},"inLanguage":"it-IT","potentialAction":[{"@type":"ReadAction","target":["http:\/\/www.webkarma.it\/storytelling\/il-web-marketing-positivo\/"]}]},{"@type":"BreadcrumbList","@id":"http:\/\/www.webkarma.it\/storytelling\/il-web-marketing-positivo\/#breadcrumb","itemListElement":[{"@type":"ListItem","position":1,"name":"Home","item":"http:\/\/www.webkarma.it\/storytelling\/"},{"@type":"ListItem","position":2,"name":"Marketing positivo"}]},{"@type":"WebSite","@id":"http:\/\/www.webkarma.it\/storytelling\/#website","url":"http:\/\/www.webkarma.it\/storytelling\/","name":"WebKarma","description":"quello che dai ti sar\u00e0 restituito","potentialAction":[{"@type":"SearchAction","target":{"@type":"EntryPoint","urlTemplate":"http:\/\/www.webkarma.it\/storytelling\/?s={search_term_string}"},"query-input":"required name=search_term_string"}],"inLanguage":"it-IT"}]}},"_links":{"self":[{"href":"https:\/\/www.webkarma.it\/storytelling\/wp-json\/wp\/v2\/pages\/21","targetHints":{"allow":["GET"]}}],"collection":[{"href":"https:\/\/www.webkarma.it\/storytelling\/wp-json\/wp\/v2\/pages"}],"about":[{"href":"https:\/\/www.webkarma.it\/storytelling\/wp-json\/wp\/v2\/types\/page"}],"author":[{"embeddable":true,"href":"https:\/\/www.webkarma.it\/storytelling\/wp-json\/wp\/v2\/users\/1"}],"replies":[{"embeddable":true,"href":"https:\/\/www.webkarma.it\/storytelling\/wp-json\/wp\/v2\/comments?post=21"}],"version-history":[{"count":14,"href":"https:\/\/www.webkarma.it\/storytelling\/wp-json\/wp\/v2\/pages\/21\/revisions"}],"predecessor-version":[{"id":299,"href":"https:\/\/www.webkarma.it\/storytelling\/wp-json\/wp\/v2\/pages\/21\/revisions\/299"}],"wp:featuredmedia":[{"embeddable":true,"href":"https:\/\/www.webkarma.it\/storytelling\/wp-json\/wp\/v2\/media\/23"}],"wp:attachment":[{"href":"https:\/\/www.webkarma.it\/storytelling\/wp-json\/wp\/v2\/media?parent=21"}],"curies":[{"name":"wp","href":"https:\/\/api.w.org\/{rel}","templated":true}]}}