{"id":30,"date":"2016-01-02T17:59:55","date_gmt":"2016-01-02T17:59:55","guid":{"rendered":"http:\/\/webkarma.it\/?page_id=30"},"modified":"2016-02-22T21:35:48","modified_gmt":"2016-02-22T21:35:48","slug":"web-crusade","status":"publish","type":"page","link":"https:\/\/www.webkarma.it\/storytelling\/web-crusade\/","title":{"rendered":"My Web Crusade"},"content":{"rendered":"<p>Combattere la resistenza all&#8217;innovazione. &#8220;Evangelizzare&#8221; le persone alla potenzialit\u00e0 del Web. Oggi, in Italia, troppa gente non ha ancora compreso <strong>i vantaggi che internet pu\u00f2 dare<\/strong> alle loro vite; purtroppo lo stesso discorso vale anche per moltissime attivit\u00e0 (commerciali, produttive o di servizi che siano).<\/p>\n<p>Volete una riprova? Se voi <strong>state &#8220;sprecando&#8221; il vostro tempo a leggere questo articolo <\/strong>siete gi\u00e0 sopra la media precedentemete citata; siete mossi dalla curiosit\u00e0 di conoscere meglio questo strumento perch\u00e8 avete capito che \u00e8 qualcosa di pi\u00f9 che chattare con gli amici, caricare selfie o giocare a Candy Crush Saga (senza nulla togliere a questo gioco).<\/p>\n<p>Allora vi investo con la carica di <strong>&#8220;cavalieri del web&#8221;<\/strong> (scherzo) e provate a fare una piccola ricerca di mercato tra quelli che conoscete, utenti o proprietari di attivit\u00e0 non importa, facendo queste domande:<\/p>\n<p>1 &#8211; Usi internet? Almeno una volta al giorno, a settimana o quando capita?<\/p>\n<p>2 &#8211; Qual&#8217;\u00e8 l&#8217;attivit\u00e0 che fai pi\u00f9 spesso? Chattare, pubblicare foto, navigare su facebook, giocare o altro?<\/p>\n<p>3 &#8211; Quante volte cerchi su internet una cosa che non conosci? Almeno una volta al giorno, a settimana o quando capita?<\/p>\n<p>4 &#8211; Hai mai pensato di utilizzare internet per imparare a fare cose nuove? Se lo fai, quanto spesso? Almeno una volta al giorno, a settimana o quando capita?<\/p>\n<p>5 &#8211; Prima di comprare qualcosa, verifichi su internet? Se lo fai cosa verifichi pi\u00f9 spesso? Il prezzo, le caratteristiche, le recensioni o l&#8217;esistenza di prodotti simili?<\/p>\n<p>6 &#8211; Hai pubblicato mai pubblicato su internet il tuo curriculum o quello della tua attivit\u00e0? Quanto spesso lo aggiorni?<\/p>\n<p>7 &#8211; Quale tra: volantini, giornarli e riviste, radio, televisione, passaparola, manifesti e locandine, telemarketing, sponsorizzazione di eventi, internet, pensi sia il miglior strumento per far pubblicit\u00e0 al tuo tipo di attivit\u00e0 o a te stesso?<\/p>\n<p>Quando vi sarete stufati, raccogliete i risultati e poi ditemi se internet \u00e8 considerato come strumento utile o come passatempo. Vi consiglio di farlo tra le persone che conoscete perch\u00e8 alcuni, MENTIRANNO, per sentirsi migliori (capita a tutti di farlo almeno una volta nella vita).<\/p>\n<p>&nbsp;<\/p>\n<p>&nbsp;<\/p>\n<p>&nbsp;<\/p>\n","protected":false},"excerpt":{"rendered":"<p>Combattere la resistenza all&#8217;innovazione. &#8220;Evangelizzare&#8221; le persone alla potenzialit\u00e0 del Web. Oggi, in Italia, troppa gente non ha ancora compreso i vantaggi che internet pu\u00f2 dare alle loro vite; purtroppo lo stesso discorso vale anche per moltissime attivit\u00e0 (commerciali, produttive o di servizi che siano). Volete una riprova? Se voi state &#8220;sprecando&#8221; il vostro tempo [&hellip;]<\/p>\n","protected":false},"author":1,"featured_media":174,"parent":0,"menu_order":0,"comment_status":"closed","ping_status":"closed","template":"","meta":{"footnotes":""},"class_list":["post-30","page","type-page","status-publish","has-post-thumbnail","hentry"],"yoast_head":"<!-- This site is optimized with the Yoast SEO plugin v21.8 - https:\/\/yoast.com\/wordpress\/plugins\/seo\/ -->\n<title>Storytelling ed il Web, it&#039;s my crusade<\/title>\n<meta name=\"description\" content=\"Non sono un Web Evangelist, il nome dice tutto. Mi sento piuttosto come un cavaliere crociato che combatte contro tutto ci\u00f2 che \u00e8 obsoleto\" \/>\n<meta name=\"robots\" content=\"index, follow, max-snippet:-1, max-image-preview:large, max-video-preview:-1\" \/>\n<link rel=\"canonical\" href=\"http:\/\/www.webkarma.it\/storytelling\/web-crusade\/\" \/>\n<meta property=\"og:locale\" content=\"it_IT\" \/>\n<meta property=\"og:type\" content=\"article\" \/>\n<meta property=\"og:title\" content=\"Storytelling ed il Web, it&#039;s my crusade\" \/>\n<meta property=\"og:description\" content=\"Non sono un Web Evangelist, il nome dice tutto. Mi sento piuttosto come un cavaliere crociato che combatte contro tutto ci\u00f2 che \u00e8 obsoleto\" \/>\n<meta property=\"og:url\" content=\"http:\/\/www.webkarma.it\/storytelling\/web-crusade\/\" \/>\n<meta property=\"og:site_name\" content=\"WebKarma\" \/>\n<meta property=\"article:modified_time\" content=\"2016-02-22T21:35:48+00:00\" \/>\n<meta property=\"og:image\" content=\"http:\/\/www.webkarma.it\/wp-content\/uploads\/2016\/01\/storytelling-of-my-web-crusade.jpg\" \/>\n\t<meta property=\"og:image:width\" content=\"569\" \/>\n\t<meta property=\"og:image:height\" content=\"649\" \/>\n\t<meta property=\"og:image:type\" content=\"image\/jpeg\" \/>\n<meta name=\"twitter:card\" content=\"summary_large_image\" \/>\n<meta name=\"twitter:label1\" content=\"Tempo di lettura stimato\" \/>\n\t<meta name=\"twitter:data1\" content=\"2 minuti\" \/>\n<script type=\"application\/ld+json\" class=\"yoast-schema-graph\">{\"@context\":\"https:\/\/schema.org\",\"@graph\":[{\"@type\":\"WebPage\",\"@id\":\"http:\/\/www.webkarma.it\/storytelling\/web-crusade\/\",\"url\":\"http:\/\/www.webkarma.it\/storytelling\/web-crusade\/\",\"name\":\"Storytelling ed il Web, it's my crusade\",\"isPartOf\":{\"@id\":\"http:\/\/www.webkarma.it\/storytelling\/#website\"},\"datePublished\":\"2016-01-02T17:59:55+00:00\",\"dateModified\":\"2016-02-22T21:35:48+00:00\",\"description\":\"Non sono un Web Evangelist, il nome dice tutto. Mi sento piuttosto come un cavaliere crociato che combatte contro tutto ci\u00f2 che \u00e8 obsoleto\",\"breadcrumb\":{\"@id\":\"http:\/\/www.webkarma.it\/storytelling\/web-crusade\/#breadcrumb\"},\"inLanguage\":\"it-IT\",\"potentialAction\":[{\"@type\":\"ReadAction\",\"target\":[\"http:\/\/www.webkarma.it\/storytelling\/web-crusade\/\"]}]},{\"@type\":\"BreadcrumbList\",\"@id\":\"http:\/\/www.webkarma.it\/storytelling\/web-crusade\/#breadcrumb\",\"itemListElement\":[{\"@type\":\"ListItem\",\"position\":1,\"name\":\"Home\",\"item\":\"http:\/\/www.webkarma.it\/storytelling\/\"},{\"@type\":\"ListItem\",\"position\":2,\"name\":\"My Web Crusade\"}]},{\"@type\":\"WebSite\",\"@id\":\"http:\/\/www.webkarma.it\/storytelling\/#website\",\"url\":\"http:\/\/www.webkarma.it\/storytelling\/\",\"name\":\"WebKarma\",\"description\":\"quello che dai ti sar\u00e0 restituito\",\"potentialAction\":[{\"@type\":\"SearchAction\",\"target\":{\"@type\":\"EntryPoint\",\"urlTemplate\":\"http:\/\/www.webkarma.it\/storytelling\/?s={search_term_string}\"},\"query-input\":\"required name=search_term_string\"}],\"inLanguage\":\"it-IT\"}]}<\/script>\n<!-- \/ Yoast SEO plugin. -->","yoast_head_json":{"title":"Storytelling ed il Web, it's my crusade","description":"Non sono un Web Evangelist, il nome dice tutto. Mi sento piuttosto come un cavaliere crociato che combatte contro tutto ci\u00f2 che \u00e8 obsoleto","robots":{"index":"index","follow":"follow","max-snippet":"max-snippet:-1","max-image-preview":"max-image-preview:large","max-video-preview":"max-video-preview:-1"},"canonical":"http:\/\/www.webkarma.it\/storytelling\/web-crusade\/","og_locale":"it_IT","og_type":"article","og_title":"Storytelling ed il Web, it's my crusade","og_description":"Non sono un Web Evangelist, il nome dice tutto. Mi sento piuttosto come un cavaliere crociato che combatte contro tutto ci\u00f2 che \u00e8 obsoleto","og_url":"http:\/\/www.webkarma.it\/storytelling\/web-crusade\/","og_site_name":"WebKarma","article_modified_time":"2016-02-22T21:35:48+00:00","og_image":[{"width":569,"height":649,"url":"http:\/\/www.webkarma.it\/wp-content\/uploads\/2016\/01\/storytelling-of-my-web-crusade.jpg","type":"image\/jpeg"}],"twitter_card":"summary_large_image","twitter_misc":{"Tempo di lettura stimato":"2 minuti"},"schema":{"@context":"https:\/\/schema.org","@graph":[{"@type":"WebPage","@id":"http:\/\/www.webkarma.it\/storytelling\/web-crusade\/","url":"http:\/\/www.webkarma.it\/storytelling\/web-crusade\/","name":"Storytelling ed il Web, it's my crusade","isPartOf":{"@id":"http:\/\/www.webkarma.it\/storytelling\/#website"},"datePublished":"2016-01-02T17:59:55+00:00","dateModified":"2016-02-22T21:35:48+00:00","description":"Non sono un Web Evangelist, il nome dice tutto. Mi sento piuttosto come un cavaliere crociato che combatte contro tutto ci\u00f2 che \u00e8 obsoleto","breadcrumb":{"@id":"http:\/\/www.webkarma.it\/storytelling\/web-crusade\/#breadcrumb"},"inLanguage":"it-IT","potentialAction":[{"@type":"ReadAction","target":["http:\/\/www.webkarma.it\/storytelling\/web-crusade\/"]}]},{"@type":"BreadcrumbList","@id":"http:\/\/www.webkarma.it\/storytelling\/web-crusade\/#breadcrumb","itemListElement":[{"@type":"ListItem","position":1,"name":"Home","item":"http:\/\/www.webkarma.it\/storytelling\/"},{"@type":"ListItem","position":2,"name":"My Web Crusade"}]},{"@type":"WebSite","@id":"http:\/\/www.webkarma.it\/storytelling\/#website","url":"http:\/\/www.webkarma.it\/storytelling\/","name":"WebKarma","description":"quello che dai ti sar\u00e0 restituito","potentialAction":[{"@type":"SearchAction","target":{"@type":"EntryPoint","urlTemplate":"http:\/\/www.webkarma.it\/storytelling\/?s={search_term_string}"},"query-input":"required name=search_term_string"}],"inLanguage":"it-IT"}]}},"_links":{"self":[{"href":"https:\/\/www.webkarma.it\/storytelling\/wp-json\/wp\/v2\/pages\/30","targetHints":{"allow":["GET"]}}],"collection":[{"href":"https:\/\/www.webkarma.it\/storytelling\/wp-json\/wp\/v2\/pages"}],"about":[{"href":"https:\/\/www.webkarma.it\/storytelling\/wp-json\/wp\/v2\/types\/page"}],"author":[{"embeddable":true,"href":"https:\/\/www.webkarma.it\/storytelling\/wp-json\/wp\/v2\/users\/1"}],"replies":[{"embeddable":true,"href":"https:\/\/www.webkarma.it\/storytelling\/wp-json\/wp\/v2\/comments?post=30"}],"version-history":[{"count":8,"href":"https:\/\/www.webkarma.it\/storytelling\/wp-json\/wp\/v2\/pages\/30\/revisions"}],"predecessor-version":[{"id":80,"href":"https:\/\/www.webkarma.it\/storytelling\/wp-json\/wp\/v2\/pages\/30\/revisions\/80"}],"wp:featuredmedia":[{"embeddable":true,"href":"https:\/\/www.webkarma.it\/storytelling\/wp-json\/wp\/v2\/media\/174"}],"wp:attachment":[{"href":"https:\/\/www.webkarma.it\/storytelling\/wp-json\/wp\/v2\/media?parent=30"}],"curies":[{"name":"wp","href":"https:\/\/api.w.org\/{rel}","templated":true}]}}