{"id":37,"date":"2016-01-10T12:04:04","date_gmt":"2016-01-10T12:04:04","guid":{"rendered":"http:\/\/webkarma.it\/?page_id=37"},"modified":"2017-08-17T09:41:48","modified_gmt":"2017-08-17T09:41:48","slug":"story-learning","status":"publish","type":"page","link":"https:\/\/www.webkarma.it\/storytelling\/story-learning\/","title":{"rendered":"Story Learning"},"content":{"rendered":"<p>Qual&#8217;\u00e8 il primo metodo, usato da secoli, per insegnare ai bambini? Senza dubbio le favole. E cosa sono le favole se non storie di personaggi, di luoghi e di accadimenti a loro legati. L&#8217;essere umano, sin dall&#8217;antichit\u00e0 utilizzata delle favole, oggi chiamate mitologia, che raccontavano che la stupidit\u00e0 e la malvagit\u00e0 alla fine vengono punite; mentre la bont\u00e0 e la furbizia vengon o premiate.<\/p>\n<p>Queste leggende sono arrivate fino al nostro tempo, adattate ed abbellite, nelle favole, nei film ed anche nella <strong>pubblicit\u00e0<\/strong>. Sono convinto che la forza di qualunque messaggio tramite una bella storia venga esponenzialmente aumentata; il\u00a0 motivo \u00e8 l&#8217;immedesimazione con quanto avviene nel racconto e la conseguente partecipazione. Quindi perch\u00e8 non trasferire questa potenza anche alla comunicazione di <strong>marketing<\/strong>.<\/p>\n<p>A tal proposito vi <strong>citer\u00f2 un breve racconto, molto famoso<\/strong>, (che pu\u00f2 essere adattato anche al marketing aziendale):<\/p>\n<h2>Il contadino, il figlio e l&#8217;asino &#8211; aut. Esopo<\/h2>\n<h5 style=\"text-align: justify;\">Un vecchio faceva il cammino con il figlio giovinetto. Il padre e il figlio avevano un unico piccolo asinello: a turno venivano portati dall&#8217;asino ed alleviavano la fatica del percorso. Mentre il padre veniva portato e il figlio procedeva con i suoi piedi, i passanti li schernivano: &#8220;Ecco,&#8221; dicevano &#8220;un vecchietto moribondo e inutile, mentre risparmia la sua salute, fa ammalare un bel giovinetto&#8221;.<\/h5>\n<h5 style=\"text-align: justify;\">Il vecchio salt\u00f2 gi\u00f9 e fece salire al suo posto il figlio suo malgrado. La folla dei viandanti borbott\u00f2: &#8220;Ecco, un giovinetto pigro e sanissimo, mentre indulge alla sua pigrizia, ammazza il padre decrepito&#8221;. Egli, vinto dalla vergogna, costringe il padre a salire\u00a0sull&#8217;asino.<\/h5>\n<h5 style=\"text-align: justify;\">Cos\u00ec sono portati entrambi dall&#8217;unico quadrupede: il borbott\u00eco dei passanti e l&#8217;indignazione si accresce, perch\u00e9 un unico piccolo animale era montato da due persone. Allora parimenti padre e figlio scendono e procedono a piedi \u00a0con l&#8217;asinello libero. Allora s\u00ec che si sente lo scherno e il riso di tutti: &#8220;Due asini, mentre risparmiano uno, non risparmiano se stessi&#8221;.<\/h5>\n<h5 style=\"text-align: justify;\">Allora il padre disse: &#8220;Vedi figlio: nulla \u00e8 approvato da tutti; ora ritorneremo al nostro vecchio modo di comportarci&#8221;.<\/h5>\n<p>Nel marketing, come nella vita, non si pu\u00f2 piacere a tutti quindi \u00e8 inutile snaturare la propria immagine in favore di un pi\u00f9 ampio consenso; raccontando i propri valori positivi (purtroppo a volte anche quelli negativi) raggiungete quelli che, sicuramente, stanno gi\u00e0 cercando proprio quei valori. QUESTA E&#8217; LA VERA FUNZIONE DEL WEB MARKETING: non spingere, ma raggiungere chi puoi semplicemente convincere<\/p>\n","protected":false},"excerpt":{"rendered":"<p>Qual&#8217;\u00e8 il primo metodo, usato da secoli, per insegnare ai bambini? Senza dubbio le favole. E cosa sono le favole se non storie di personaggi, di luoghi e di accadimenti a loro legati. L&#8217;essere umano, sin dall&#8217;antichit\u00e0 utilizzata delle favole, oggi chiamate mitologia, che raccontavano che la stupidit\u00e0 e la malvagit\u00e0 alla fine vengono punite; [&hellip;]<\/p>\n","protected":false},"author":1,"featured_media":175,"parent":0,"menu_order":0,"comment_status":"closed","ping_status":"closed","template":"","meta":{"footnotes":""},"class_list":["post-37","page","type-page","status-publish","has-post-thumbnail","hentry"],"yoast_head":"<!-- This site is optimized with the Yoast SEO plugin v21.8 - https:\/\/yoast.com\/wordpress\/plugins\/seo\/ -->\n<title>Storytelling is Storylearning<\/title>\n<meta name=\"description\" content=\"Come si insegna da sempre ai bambini? Con le storie. Il potere del racconto che tramanda idee, esperienze e crea il nostro brand\" \/>\n<meta name=\"robots\" content=\"index, follow, max-snippet:-1, max-image-preview:large, max-video-preview:-1\" \/>\n<link rel=\"canonical\" href=\"http:\/\/www.webkarma.it\/storytelling\/story-learning\/\" \/>\n<meta property=\"og:locale\" content=\"it_IT\" \/>\n<meta property=\"og:type\" content=\"article\" \/>\n<meta property=\"og:title\" content=\"Lo storytelling \u00e8 storylearning\" \/>\n<meta property=\"og:description\" content=\"Come si insegna da sempre ai bambini? Con le storie. Il potere del racconto che tramanda idee, esperienze e crea il nostro brand\" \/>\n<meta property=\"og:url\" content=\"http:\/\/www.webkarma.it\/storytelling\/story-learning\/\" \/>\n<meta property=\"og:site_name\" content=\"WebKarma\" \/>\n<meta property=\"article:modified_time\" content=\"2017-08-17T09:41:48+00:00\" \/>\n<meta property=\"og:image\" content=\"http:\/\/www.webkarma.it\/wp-content\/uploads\/2016\/01\/anche-l-asino-fa-storytelling.jpg\" \/>\n\t<meta property=\"og:image:width\" content=\"519\" \/>\n\t<meta property=\"og:image:height\" content=\"805\" \/>\n\t<meta property=\"og:image:type\" content=\"image\/jpeg\" \/>\n<meta name=\"twitter:card\" content=\"summary_large_image\" \/>\n<meta name=\"twitter:label1\" content=\"Tempo di lettura stimato\" \/>\n\t<meta name=\"twitter:data1\" content=\"2 minuti\" \/>\n<script type=\"application\/ld+json\" class=\"yoast-schema-graph\">{\"@context\":\"https:\/\/schema.org\",\"@graph\":[{\"@type\":\"WebPage\",\"@id\":\"http:\/\/www.webkarma.it\/storytelling\/story-learning\/\",\"url\":\"http:\/\/www.webkarma.it\/storytelling\/story-learning\/\",\"name\":\"Storytelling is Storylearning\",\"isPartOf\":{\"@id\":\"http:\/\/www.webkarma.it\/storytelling\/#website\"},\"datePublished\":\"2016-01-10T12:04:04+00:00\",\"dateModified\":\"2017-08-17T09:41:48+00:00\",\"description\":\"Come si insegna da sempre ai bambini? Con le storie. Il potere del racconto che tramanda idee, esperienze e crea il nostro brand\",\"breadcrumb\":{\"@id\":\"http:\/\/www.webkarma.it\/storytelling\/story-learning\/#breadcrumb\"},\"inLanguage\":\"it-IT\",\"potentialAction\":[{\"@type\":\"ReadAction\",\"target\":[\"http:\/\/www.webkarma.it\/storytelling\/story-learning\/\"]}]},{\"@type\":\"BreadcrumbList\",\"@id\":\"http:\/\/www.webkarma.it\/storytelling\/story-learning\/#breadcrumb\",\"itemListElement\":[{\"@type\":\"ListItem\",\"position\":1,\"name\":\"Home\",\"item\":\"http:\/\/www.webkarma.it\/storytelling\/\"},{\"@type\":\"ListItem\",\"position\":2,\"name\":\"Story Learning\"}]},{\"@type\":\"WebSite\",\"@id\":\"http:\/\/www.webkarma.it\/storytelling\/#website\",\"url\":\"http:\/\/www.webkarma.it\/storytelling\/\",\"name\":\"WebKarma\",\"description\":\"quello che dai ti sar\u00e0 restituito\",\"potentialAction\":[{\"@type\":\"SearchAction\",\"target\":{\"@type\":\"EntryPoint\",\"urlTemplate\":\"http:\/\/www.webkarma.it\/storytelling\/?s={search_term_string}\"},\"query-input\":\"required name=search_term_string\"}],\"inLanguage\":\"it-IT\"}]}<\/script>\n<!-- \/ Yoast SEO plugin. -->","yoast_head_json":{"title":"Storytelling is Storylearning","description":"Come si insegna da sempre ai bambini? Con le storie. Il potere del racconto che tramanda idee, esperienze e crea il nostro brand","robots":{"index":"index","follow":"follow","max-snippet":"max-snippet:-1","max-image-preview":"max-image-preview:large","max-video-preview":"max-video-preview:-1"},"canonical":"http:\/\/www.webkarma.it\/storytelling\/story-learning\/","og_locale":"it_IT","og_type":"article","og_title":"Lo storytelling \u00e8 storylearning","og_description":"Come si insegna da sempre ai bambini? Con le storie. Il potere del racconto che tramanda idee, esperienze e crea il nostro brand","og_url":"http:\/\/www.webkarma.it\/storytelling\/story-learning\/","og_site_name":"WebKarma","article_modified_time":"2017-08-17T09:41:48+00:00","og_image":[{"width":519,"height":805,"url":"http:\/\/www.webkarma.it\/wp-content\/uploads\/2016\/01\/anche-l-asino-fa-storytelling.jpg","type":"image\/jpeg"}],"twitter_card":"summary_large_image","twitter_misc":{"Tempo di lettura stimato":"2 minuti"},"schema":{"@context":"https:\/\/schema.org","@graph":[{"@type":"WebPage","@id":"http:\/\/www.webkarma.it\/storytelling\/story-learning\/","url":"http:\/\/www.webkarma.it\/storytelling\/story-learning\/","name":"Storytelling is Storylearning","isPartOf":{"@id":"http:\/\/www.webkarma.it\/storytelling\/#website"},"datePublished":"2016-01-10T12:04:04+00:00","dateModified":"2017-08-17T09:41:48+00:00","description":"Come si insegna da sempre ai bambini? Con le storie. Il potere del racconto che tramanda idee, esperienze e crea il nostro brand","breadcrumb":{"@id":"http:\/\/www.webkarma.it\/storytelling\/story-learning\/#breadcrumb"},"inLanguage":"it-IT","potentialAction":[{"@type":"ReadAction","target":["http:\/\/www.webkarma.it\/storytelling\/story-learning\/"]}]},{"@type":"BreadcrumbList","@id":"http:\/\/www.webkarma.it\/storytelling\/story-learning\/#breadcrumb","itemListElement":[{"@type":"ListItem","position":1,"name":"Home","item":"http:\/\/www.webkarma.it\/storytelling\/"},{"@type":"ListItem","position":2,"name":"Story Learning"}]},{"@type":"WebSite","@id":"http:\/\/www.webkarma.it\/storytelling\/#website","url":"http:\/\/www.webkarma.it\/storytelling\/","name":"WebKarma","description":"quello che dai ti sar\u00e0 restituito","potentialAction":[{"@type":"SearchAction","target":{"@type":"EntryPoint","urlTemplate":"http:\/\/www.webkarma.it\/storytelling\/?s={search_term_string}"},"query-input":"required name=search_term_string"}],"inLanguage":"it-IT"}]}},"_links":{"self":[{"href":"https:\/\/www.webkarma.it\/storytelling\/wp-json\/wp\/v2\/pages\/37","targetHints":{"allow":["GET"]}}],"collection":[{"href":"https:\/\/www.webkarma.it\/storytelling\/wp-json\/wp\/v2\/pages"}],"about":[{"href":"https:\/\/www.webkarma.it\/storytelling\/wp-json\/wp\/v2\/types\/page"}],"author":[{"embeddable":true,"href":"https:\/\/www.webkarma.it\/storytelling\/wp-json\/wp\/v2\/users\/1"}],"replies":[{"embeddable":true,"href":"https:\/\/www.webkarma.it\/storytelling\/wp-json\/wp\/v2\/comments?post=37"}],"version-history":[{"count":7,"href":"https:\/\/www.webkarma.it\/storytelling\/wp-json\/wp\/v2\/pages\/37\/revisions"}],"predecessor-version":[{"id":187,"href":"https:\/\/www.webkarma.it\/storytelling\/wp-json\/wp\/v2\/pages\/37\/revisions\/187"}],"wp:featuredmedia":[{"embeddable":true,"href":"https:\/\/www.webkarma.it\/storytelling\/wp-json\/wp\/v2\/media\/175"}],"wp:attachment":[{"href":"https:\/\/www.webkarma.it\/storytelling\/wp-json\/wp\/v2\/media?parent=37"}],"curies":[{"name":"wp","href":"https:\/\/api.w.org\/{rel}","templated":true}]}}